{"id":601,"date":"2019-09-10T14:23:16","date_gmt":"2019-09-10T12:23:16","guid":{"rendered":"http:\/\/new.pokojvdusi.sk\/?page_id=601"},"modified":"2019-09-14T00:41:44","modified_gmt":"2019-09-13T22:41:44","slug":"main-characters","status":"publish","type":"page","link":"https:\/\/pokojvdusi.sk\/en\/main-characters\/","title":{"rendered":"MAIN CHARACTERS"},"content":{"rendered":"\n<div class=\"wp-block-media-text alignwide\" style=\"grid-template-columns:42% auto\"><figure class=\"wp-block-media-text__media\"><img loading=\"lazy\" width=\"768\" height=\"472\" src=\"http:\/\/new.pokojvdusi.sk\/wp-content\/uploads\/2019\/09\/attila-mokos.jpg\" alt=\"\" class=\"wp-image-221\" srcset=\"https:\/\/pokojvdusi.sk\/wp-content\/uploads\/2019\/09\/attila-mokos.jpg 768w, https:\/\/pokojvdusi.sk\/wp-content\/uploads\/2019\/09\/attila-mokos-300x184.jpg 300w\" sizes=\"(max-width: 768px) 100vw, 768px\" \/><\/figure><div class=\"wp-block-media-text__content\">\n<p><strong>Attila Mokos<\/strong>\n is a permanent member and primary actor at the J\u00f3kai Theatre Company in\n Kom\u00e1rno.&nbsp; He has appeared in such films as: Pr\u00edpad na vidieku (A \nCountry Case) by S. P\u00e1rnick\u00fd, Krajinka (A Country) by M. \u0160ul\u00edk, Krut\u00e9 \nradosti (Cruel Pleasures) by J. Nvota, D\u00e9moni (Demons) by R. \u0160veda, \nNedodr\u017ean\u00fd s\u013eub (Broken Promise) by J. Chlumsk\u00fd and the currently \nin-development Slovak-Hungarian movie Marhu\u013eov\u00fd ostrov (Apricot Island) \nby P. Bebjak.&nbsp; He received an&nbsp; IGRIC award from the Literary Fund for \nbest actor in a main role in the student film \u010eal\u0161ie dejstvo &#8211; K\u00f6vetkez\u00f6\n felvon\u00e1s (Another Act) by Mari\u00e1n Prikler.\n<\/p>\n\n\n\n<p>In the film Soul at Peace Attila Mokos plays the main character T\u00f3no P\u00e1nik, who comes home after five years in prison.<\/p>\n<\/div><\/div>\n\n\n\n<hr class=\"wp-block-separator\"\/>\n\n\n\n<div class=\"wp-block-media-text alignwide\" style=\"grid-template-columns:42% auto\"><figure class=\"wp-block-media-text__media\"><img loading=\"lazy\" width=\"768\" height=\"472\" src=\"http:\/\/new.pokojvdusi.sk\/wp-content\/uploads\/2019\/09\/roman-luknar.jpg\" alt=\"\" class=\"wp-image-224\" srcset=\"https:\/\/pokojvdusi.sk\/wp-content\/uploads\/2019\/09\/roman-luknar.jpg 768w, https:\/\/pokojvdusi.sk\/wp-content\/uploads\/2019\/09\/roman-luknar-300x184.jpg 300w\" sizes=\"(max-width: 768px) 100vw, 768px\" \/><\/figure><div class=\"wp-block-media-text__content\">\n<p>Slovak actor&nbsp; <strong>Roman Lukn\u00e1r<\/strong>\n has been living in Madrid since 1991.&nbsp; As a former member of the \nTheatre for Children and Youth in Trnava and the Astorka Korzo \u201990 \ntheatre, he is one of Slovakia\u2019s leading film actors. He has numerous \nfilm roles on his CV not only in Slovakia, but in the Czech Republic as \nwell, including: K\u00e1ra pln\u00e1 bolesti (A Cart Full of Pain) by S. \nP\u00e1rnick\u00fd,&nbsp; \u0160tek (The Supporting Act) by M. Luther,&nbsp; Chodn\u00edk cez Dunaj (A\n Path across the Danube) by M. Luther, Let asfaltov\u00e9ho holuba (Flight of\n the Asphalt Pigeon) by V. Balco,&nbsp; V\u00e1\u0161niv\u00fd bozk (The Kiss of Passion) by\n M. \u0160indelka, Z\u00e1hrada (The Garden) by M. \u0160ul\u00edk, Du\u0161e jako kavi\u00e1r (Dirty \nSoul) by M. Cieslar, Kr\u00e1ska v nesn\u00e1z\u00edch (Beauty in Trouble) by J. \nH\u0159ebejk,&nbsp; Medv\u00eddek (Teddy Bear) by J. H\u0159ebejk, Nestyda (Shameless) by J.\n H\u0159ebejk, Karamazovi (The Karamazovs) by P. Zelenka and others. He was \nnominated for a Czech Lion Award in the category of Best Actor in a Main\n Role for the role of Jakub in Z\u00e1hrada (The Garden).\n<\/p>\n\n\n\n<p>In Soul at Peace, Roman Lukn\u00e1r plays T\u00f3no\u2019s friend and local businessman \u0160tefan.\n<\/p>\n<\/div><\/div>\n\n\n\n<hr class=\"wp-block-separator\"\/>\n\n\n\n<div class=\"wp-block-media-text alignwide\" style=\"grid-template-columns:42% auto\"><figure class=\"wp-block-media-text__media\"><img loading=\"lazy\" width=\"768\" height=\"472\" src=\"http:\/\/new.pokojvdusi.sk\/wp-content\/uploads\/2019\/09\/helena-krajciova.jpg\" alt=\"\" class=\"wp-image-225\" srcset=\"https:\/\/pokojvdusi.sk\/wp-content\/uploads\/2019\/09\/helena-krajciova.jpg 768w, https:\/\/pokojvdusi.sk\/wp-content\/uploads\/2019\/09\/helena-krajciova-300x184.jpg 300w\" sizes=\"(max-width: 768px) 100vw, 768px\" \/><\/figure><div class=\"wp-block-media-text__content\">\n<p>While she was still a&nbsp;student, Slovak actress&nbsp; <strong>Helena Kraj\u010diov\u00e1<\/strong>\n had several acting opportunities at leading theatres in Bratislava.&nbsp; \nCurrently, she appears at the Slovak National Theatre, at Nov\u00e1 Sc\u00e9na \ntheatre and L+S Theatre and guest stars at the HaDivadlo theatre in \nBrno.&nbsp; She holds the Talent of the Year 2004 award.&nbsp; Lately she is known\n above all for her work in the television series Ordin\u00e1cia v ru\u017eovej \nz\u00e1hrade (Doctor\u00b4s Office in the Rose Garden),&nbsp; Panel\u00e1k&nbsp; (An Apartment \nHouse) and Profesion\u00e1li (Professionals). \n<\/p>\n\n\n\n<p>In Soul at Peace Helena Kraj\u010diov\u00e1 plays T\u00f3no\u2019s wife M\u00e1ria.<\/p>\n<\/div><\/div>\n\n\n\n<hr class=\"wp-block-separator\"\/>\n\n\n\n<div class=\"wp-block-media-text alignwide\" style=\"grid-template-columns:42% auto\"><figure class=\"wp-block-media-text__media\"><img loading=\"lazy\" width=\"768\" height=\"472\" src=\"http:\/\/new.pokojvdusi.sk\/wp-content\/uploads\/2019\/09\/robert-wieckiewicz.jpg\" alt=\"\" class=\"wp-image-223\" srcset=\"https:\/\/pokojvdusi.sk\/wp-content\/uploads\/2019\/09\/robert-wieckiewicz.jpg 768w, https:\/\/pokojvdusi.sk\/wp-content\/uploads\/2019\/09\/robert-wieckiewicz-300x184.jpg 300w\" sizes=\"(max-width: 768px) 100vw, 768px\" \/><\/figure><div class=\"wp-block-media-text__content\">\n<p>Polish theatre and film star&nbsp; <strong>Robert Wi\u0119ckiewicz<\/strong>\n made his debut in the film Samowolka (A.W.O.L.) and has rapidly added \nmany other titles to his list in the past few years. He appeared, for \nexample in the following films: Psy II (Pigs 2), Ogniem i&nbsp;mieczem (With \nFire and Sword), Vinci, Gwiezdne jaja (Dreamship Surprise), Solidarno\u015b\u0107 \u2013\n Solidarno\u015b\u0107, Poludnie &#8211; P\u00f3lnoc (South by North), Francuski numer (The \nFrench Trick), Odwr\u00f3ceni (Undercover, TV series), \u015awiadek koronny \n(State\u2019s&nbsp;Evidence),&nbsp; Grom, Jahodov\u00e9 v\u00edno (Strawberry Wine), Wszystko \nb\u0119dzie dobrze (Everything will be OK), Zero, Zwerbowana mi\u0142o\u015b\u0107 (Enforced\n Love), Lejdis and others. In addition to viewers, film critics have \nalso taken notice of his acting talent.&nbsp; Thanks to this, he has already \nreceived several awards.&nbsp; Among the latest are Best Polish Actor 2007 at\n the International Film Festival in Gdansk, Best Actor at IFF Festroia \nSet\u00fabal and the Orol Polish National Film Award.\n<\/p>\n\n\n\n<p>In Soul at Peace, Robert Wi\u0119ckiewicz plays the successful entrepreneur Peter, T\u00f3no\u2019s friend since childhood.<\/p>\n<\/div><\/div>\n\n\n\n<hr class=\"wp-block-separator\"\/>\n\n\n\n<div class=\"wp-block-media-text alignwide\" style=\"grid-template-columns:42% auto\"><figure class=\"wp-block-media-text__media\"><img loading=\"lazy\" width=\"768\" height=\"472\" src=\"http:\/\/new.pokojvdusi.sk\/wp-content\/uploads\/2019\/09\/jan-vondracek.jpg\" alt=\"\" class=\"wp-image-219\" srcset=\"https:\/\/pokojvdusi.sk\/wp-content\/uploads\/2019\/09\/jan-vondracek.jpg 768w, https:\/\/pokojvdusi.sk\/wp-content\/uploads\/2019\/09\/jan-vondracek-300x184.jpg 300w\" sizes=\"(max-width: 768px) 100vw, 768px\" \/><\/figure><div class=\"wp-block-media-text__content\">\n<p>Czech actor&nbsp; <strong>Jan Vondr\u00e1\u010dek<\/strong>\n is a member of Divadlo v Dlouh\u00e9 theatre in Prague.&nbsp; Not only has he \nheld several unforgettable roles, but has also participated in many \ntheatre projects as a musical composer.&nbsp; For best acting in a male role \nas Lelio in Luh\u00e1r (The Liar), he received the prestigious Alfr\u00e9d Radok \nPrize.&nbsp; On screen he has appeared in the following films: N\u00e1vrat \nztracen\u00e9ho r\u00e1je (Return from Paradise Lost) by V. Jasn\u00fd,&nbsp; Sametov\u00ed vrazi\n (Velvet Murders) by J. Svoboda, Slne\u010dn\u00fd \u0161t\u00e1t (Working Class Heroes) by \nM. \u0160ul\u00edk.&nbsp; He has also appeared in numerous television programs and in \nthe TV NOVA series Sv\u011btla pas\u00e1\u017ee (Archway Lamps).&nbsp; \n<\/p>\n\n\n\n<p>In Soul at Peace Jan Vondr\u00e1\u010dek plays the Roman Catholic priest Marek, T\u00f3no\u2019s friend since childhood.<\/p>\n<\/div><\/div>\n\n\n\n<hr class=\"wp-block-separator\"\/>\n\n\n\n<div class=\"wp-block-media-text alignwide\" style=\"grid-template-columns:42% auto\"><figure class=\"wp-block-media-text__media\"><img loading=\"lazy\" width=\"768\" height=\"472\" src=\"http:\/\/new.pokojvdusi.sk\/wp-content\/uploads\/2019\/09\/jevgenij-libeznuk.jpg\" alt=\"\" class=\"wp-image-226\" srcset=\"https:\/\/pokojvdusi.sk\/wp-content\/uploads\/2019\/09\/jevgenij-libeznuk.jpg 768w, https:\/\/pokojvdusi.sk\/wp-content\/uploads\/2019\/09\/jevgenij-libeznuk-300x184.jpg 300w\" sizes=\"(max-width: 768px) 100vw, 768px\" \/><\/figure><div class=\"wp-block-media-text__content\">\n<p><strong>Jevgenij Libez\u0148uk<\/strong> \u2013 police officer Rovniak, alias Hovniak (Shithead)<strong><br><\/strong> <\/p>\n\n\n\n<p>Jevgenij Libez\u0148uk&nbsp; is a member of the Alexander \nDuchnovi\u010d Theatre in Pre\u0161ov.&nbsp; He has appeared in the following films and\n television programs in minor roles: Anjel milosrdenstva (Angel of \nMercy) (M. Luther), D\u00edky za ka\u017ed\u00e9 nov\u00e9 r\u00e1no (Thanks for Every New \nMorning) (M. \u0160teindler), Fragmenty z&nbsp;malomesta (Small Town Fragments) \n(P. Mikul\u00edk),&nbsp;\u010cetnick\u00e9 humoresky (Policeman\u00b4s Humoresque)(A. Moskalyk), \n\u017delary (O. Trojan), N\u00e1vrat Bocianov (Return of the Storks) (M. Repka) \nand Tango s&nbsp;kom\u00e1rmi (Tango with Mosquitoes)(M. Luther). In the theatre \nhe has performed outstandingly in main character roles, as illustrated \nby his nomination for a&nbsp;Dosky Award for best actor and the Jozef Kr\u00f3ner \nAward for 2007 for the role of Gogol\u2019s Chlestakov.&nbsp;\n<\/p>\n\n\n\n<p>In Soul at Peace Jevgenij Libez\u0148uk plays the police office Rovniak, who T\u00f3no stubbornly calls \u201cHovniak (Shithead)\u201d.\n<\/p>\n<\/div><\/div>\n\n\n\n<hr class=\"wp-block-separator\"\/>\n\n\n\n<div class=\"wp-block-media-text alignwide\" style=\"grid-template-columns:42% auto\"><figure class=\"wp-block-media-text__media\"><img loading=\"lazy\" width=\"768\" height=\"472\" src=\"http:\/\/new.pokojvdusi.sk\/wp-content\/uploads\/2019\/09\/jaromir-hanzlik.jpg\" alt=\"\" class=\"wp-image-220\" srcset=\"https:\/\/pokojvdusi.sk\/wp-content\/uploads\/2019\/09\/jaromir-hanzlik.jpg 768w, https:\/\/pokojvdusi.sk\/wp-content\/uploads\/2019\/09\/jaromir-hanzlik-300x184.jpg 300w\" sizes=\"(max-width: 768px) 100vw, 768px\" \/><\/figure><div class=\"wp-block-media-text__content\">\n<p><strong>Jarom\u00edr Hanzl\u00edk<\/strong> \u2013 train driver Smejkal<\/p>\n\n\n\n<p>He first appeared in the film Takov\u00e1 lo\u010f (A Ship \nlike That), where he played a&nbsp;disobedient boy. Despite not having \nstudied acting, he was hired by the Vinohradsk\u00e9 Theatre&nbsp; (Divadlo na \nVinohradech)&nbsp;&nbsp; at the age of 18 and was a&nbsp;star actor from the 1960s \nthrough the 1980s. He has acted in tens of films, television programs \nand series.&nbsp; He became famous through his work in such films as: Romance\n pro k\u0159\u00eddlovku&nbsp; (Romance for Bugle)(O. V\u00e1vra), L\u00e9to s&nbsp;kovbojem (Summer \nwith a Cowboy) (I. Nov\u00e1k), Post\u0159i\u017einy (J. Menzel), Slavnosti sn\u011b\u017eenek \n(The Snowdrop&nbsp; Festival)(J. Menzel) and in the TV series Sanitka (The \nAmbulance), Nemocnice na kraji m\u011bsta (Hospital at the End of the City) \nand Cirkus Humberto, as well as My v\u0161ichni \u0161kolou povinn\u00ed (School and \nUs). He ended his acting career in 1993 and lives in Bern, Switzerland.\n<\/p>\n\n\n\n<p>In Soul at Peace, he appears as the Czech owner of the \u010cierny Hron railway \u2013 train driver Smejkal.<\/p>\n<\/div><\/div>\n\n\n\n<hr class=\"wp-block-separator\"\/>\n\n\n\n<div class=\"wp-block-media-text alignwide\" style=\"grid-template-columns:42% auto\"><figure class=\"wp-block-media-text__media\"><img loading=\"lazy\" width=\"768\" height=\"472\" src=\"http:\/\/new.pokojvdusi.sk\/wp-content\/uploads\/2019\/09\/juraj-nvota.jpg\" alt=\"\" class=\"wp-image-227\" srcset=\"https:\/\/pokojvdusi.sk\/wp-content\/uploads\/2019\/09\/juraj-nvota.jpg 768w, https:\/\/pokojvdusi.sk\/wp-content\/uploads\/2019\/09\/juraj-nvota-300x184.jpg 300w\" sizes=\"(max-width: 768px) 100vw, 768px\" \/><\/figure><div class=\"wp-block-media-text__content\">\n<p><strong>Juraj Nvota<\/strong> \u2013 Mayor<\/p>\n\n\n\n<p>A&nbsp;main director at the Astorka \u2013 Korzo \u201990 theatre, \nhe has recently concentrated on directing for television and film.&nbsp; His \nTV films include: Pr\u00e1\u0161ky na spanie (Sleeping pills), Priate\u013estv\u00e1 \npadaj\u00faceho l\u00edstia (Fallen Leaves Bonds) and Sle\u010dna Du\u0161ehojiv\u00e1 (Miss \nLonelyhearts). In 2002 he directed Krut\u00e9 radosti (Cruel Joys) and most \nrecently the successful adaptation of the novella by Peter Pi\u0161tanek, \nMuzika (Music). Juraj Nvota is, however, also a&nbsp;favorite actor for his \nfriends who are directors.&nbsp; He has appeared in Du\u0161an Han\u00e1k\u2019s films \nRu\u017eov\u00e9 sny (Rose Tinted Dreams), Ja milujem, ty miluje\u0161 (I Love, You \nLove\u2026 and Tich\u00e1 rados\u0165 (Quiet Happiness) and Martin \u0160ul\u00edk cast him in \nthe main role in V\u0161etko, \u010do m\u00e1m r\u00e1d (Everything I&nbsp;Like).&nbsp;\n<\/p>\n\n\n\n<p>In Soul at Peace, Juraj Nvota plays the mayor of \u010cierny Hron.\n<\/p>\n<\/div><\/div>\n\n\n\n<hr class=\"wp-block-separator\"\/>\n\n\n\n<div class=\"wp-block-media-text alignwide\" style=\"grid-template-columns:42% auto\"><figure class=\"wp-block-media-text__media\"><img loading=\"lazy\" width=\"768\" height=\"472\" src=\"http:\/\/new.pokojvdusi.sk\/wp-content\/uploads\/2019\/09\/lubomir-paulovic.jpg\" alt=\"\" class=\"wp-image-222\" srcset=\"https:\/\/pokojvdusi.sk\/wp-content\/uploads\/2019\/09\/lubomir-paulovic.jpg 768w, https:\/\/pokojvdusi.sk\/wp-content\/uploads\/2019\/09\/lubomir-paulovic-300x184.jpg 300w\" sizes=\"(max-width: 768px) 100vw, 768px\" \/><\/figure><div class=\"wp-block-media-text__content\">\n<p><strong>\u013dubom\u00edr Paulovi\u010d<\/strong> \u2013 Bu\u010dkovsk\u00fd<\/p>\n\n\n\n<p>He has worked with the SNP Theatre in Martin, at the\n Slovak National Theatre and as artistic director of theatre at the \nJozef Gregor Tajovsk\u00fd Theatre (DJGT) in Zvolen.&nbsp; In addition to acting, \nhe directs for&nbsp;theatre and television.&nbsp; At Slovak Television (STV) he \ndirected such films as: Ma\u0161kar\u00e1da (Mascarade), Pod ag\u00e1tmi (Under the \nAcacia Trees) and Zuzka Turanov\u00e1.&nbsp; Viewers know him best as an \noutstanding film and television actor in: Otec (Father), No\u010dn\u00ed jazdci \n(Night Riders), P\u00e1sla kone na bet\u00f3ne (Concrete Pastures), Hody (Feast), \nLep\u0161ie je by\u0165 bohat\u00fd a&nbsp;zdrav\u00fd ako chudobn\u00fd a&nbsp;chor\u00fd (It\u00b4s Better to Be \nWealthy and Healthy Than Poor and Ill), Peacemaker, Ako div\u00e9 husi&nbsp; (Wild\n Geese), Z\u00e1chran\u00e1ri (The Rescuers), Kone\u010dn\u00e1 stanica (Terminal Station) \nand Ticho (Silence).&nbsp;\n<\/p>\n\n\n\n<p>In Soul at Peace, \u013dubom\u00edr Paulovi\u010d plays the role of the&nbsp;local government official, Bu\u010dkovsk\u00fd.<\/p>\n<\/div><\/div>\n\n\n\n<hr class=\"wp-block-separator\"\/>\n\n\n\n<p><strong>\u013dubo Roman<\/strong> \u2013 businessman<\/p>\n\n\n\n<p>He has been a&nbsp;member of the Nov\u00e1 Sc\u00e9na theatre, \na&nbsp;professor at the Theatre Faculty of the Academy of Performing Arts, \nDirector of the Nov\u00e1 Sc\u00e9na theatre and is founder of the West Theatre. \nRoman has been a&nbsp;Member of Parliament, Minister of Culture under the \ngovernment of Jozef Morav\u010d\u00edk and most recently, at the regional level, \nhe was Chairman of the Bratislava local regional administration. At \npresent, he is&nbsp;best-known as a&nbsp;businessperson.&nbsp; Nonetheless, the public \nsees \u013dubo Roman first and foremost as an actor, who grabbed their \nattention as early as 1958 in a&nbsp;minor role in the film D\u00e1\u017ednik sv\u00e4t\u00e9ho \nPetra (St Peter\u00b4s Umbrella) (V. Pavlovi\u010d).&nbsp; Later, they saw him in such \nfilms as: My z&nbsp;deviatej A (Nine Graders) (\u0160. Uher), Slnko v&nbsp;sieti&nbsp; (The \nSun in a Net) (\u0160. Uher), Straten\u00e1 dolina&nbsp; (The Lost&nbsp; Lowlands) (M. \n\u0164ap\u00e1k) and Hody (Feast) (A. Lettrich).\n<\/p>\n\n\n\n<p>In Soul at Peace, he plays the businessman Budaj.<\/p>\n","protected":false},"excerpt":{"rendered":"<p>Attila Mokos is a permanent member and primary actor at the J\u00f3kai Theatre Company in Kom\u00e1rno.&nbsp; He has appeared in such films as: Pr\u00edpad na vidieku (A Country Case) by S. P\u00e1rnick\u00fd, Krajinka (A Country) by M. \u0160ul\u00edk, Krut\u00e9 radosti (Cruel Pleasures) by J. Nvota, D\u00e9moni (Demons) by R. \u0160veda, Nedodr\u017ean\u00fd s\u013eub (Broken Promise) by <a class=\"more-link\" href=\"https:\/\/pokojvdusi.sk\/en\/main-characters\/\">Continue reading <i class=\"fa fa-chevron-right\"><\/i><\/a><\/p>\n","protected":false},"author":1,"featured_media":0,"parent":0,"menu_order":0,"comment_status":"closed","ping_status":"closed","template":"","meta":[],"_links":{"self":[{"href":"https:\/\/pokojvdusi.sk\/en\/wp-json\/wp\/v2\/pages\/601"}],"collection":[{"href":"https:\/\/pokojvdusi.sk\/en\/wp-json\/wp\/v2\/pages"}],"about":[{"href":"https:\/\/pokojvdusi.sk\/en\/wp-json\/wp\/v2\/types\/page"}],"author":[{"embeddable":true,"href":"https:\/\/pokojvdusi.sk\/en\/wp-json\/wp\/v2\/users\/1"}],"replies":[{"embeddable":true,"href":"https:\/\/pokojvdusi.sk\/en\/wp-json\/wp\/v2\/comments?post=601"}],"version-history":[{"count":1,"href":"https:\/\/pokojvdusi.sk\/en\/wp-json\/wp\/v2\/pages\/601\/revisions"}],"predecessor-version":[{"id":602,"href":"https:\/\/pokojvdusi.sk\/en\/wp-json\/wp\/v2\/pages\/601\/revisions\/602"}],"wp:attachment":[{"href":"https:\/\/pokojvdusi.sk\/en\/wp-json\/wp\/v2\/media?parent=601"}],"curies":[{"name":"wp","href":"https:\/\/api.w.org\/{rel}","templated":true}]}}